{"id":288,"date":"2022-06-13T09:02:08","date_gmt":"2022-06-13T09:02:08","guid":{"rendered":"https:\/\/jesuscentrumcollege.de\/?page_id=288"},"modified":"2022-06-13T09:03:40","modified_gmt":"2022-06-13T09:03:40","slug":"288-2","status":"publish","type":"page","link":"https:\/\/jesuscentrumcollege.de\/","title":{"rendered":"Hier entsteht etwas neues"},"content":{"rendered":"\n[et_pb_section fb_built=&#8220;1&#8243; fullwidth=&#8220;on&#8220; _builder_version=&#8220;4.0.5&#8243;][et_pb_fullwidth_header title=&#8220;JesusCentrum College&#8220; text_orientation=&#8220;center&#8220; header_fullscreen=&#8220;on&#8220; button_one_url=&#8220;@ET-DC@eyJkeW5hbWljIjp0cnVlLCJjb250ZW50IjoicG9zdF9saW5rX3VybF9wYWdlIiwic2V0dGluZ3MiOnsicG9zdF9pZCI6Ijg4In19@&#8220; button_two_url=&#8220;@ET-DC@eyJkeW5hbWljIjp0cnVlLCJjb250ZW50IjoicG9zdF9saW5rX3VybF9wYWdlIiwic2V0dGluZ3MiOnsicG9zdF9pZCI6IjIwIn19@&#8220; logo_image_url=&#8220;https:\/\/jesuscentrumcollege.de\/wp-content\/uploads\/2020\/08\/logo-light-200.png&#8220; _builder_version=&#8220;4.9.10&#8243; _dynamic_attributes=&#8220;button_one_url,button_two_url&#8220; title_font=&#8220;|700||on|||||&#8220; title_text_align=&#8220;center&#8220; title_font_size=&#8220;75px&#8220; title_letter_spacing=&#8220;5px&#8220; title_line_height=&#8220;2em&#8220; content_text_align=&#8220;center&#8220; content_font_size=&#8220;25px&#8220; content_line_height=&#8220;1em&#8220; subhead_font=&#8220;|||on|||||&#8220; subhead_font_size=&#8220;21px&#8220; background_enable_color=&#8220;off&#8220; background_image=&#8220;https:\/\/jesuscentrumcollege.de\/wp-content\/uploads\/2020\/08\/wsheader.jpg&#8220; parallax=&#8220;on&#8220; custom_button_one=&#8220;on&#8220; button_one_text_size=&#8220;16px&#8220; button_one_text_color=&#8220;#ffffff&#8220; button_one_bg_color=&#8220;#df7648&#8243; button_one_border_width=&#8220;0px&#8220; button_one_border_radius=&#8220;0px&#8220; button_one_letter_spacing=&#8220;2px&#8220; button_one_font=&#8220;|600||on|||||&#8220; button_one_custom_padding=&#8220;20px|36px|20px|36px|false|false&#8220; button_one_custom_padding_tablet=&#8220;&#8220; button_one_custom_padding_phone=&#8220;10px|30px|10px|30px|true|true&#8220; button_one_custom_padding_last_edited=&#8220;on|phone&#8220; custom_button_two=&#8220;on&#8220; button_two_text_size=&#8220;16px&#8220; button_two_bg_color=&#8220;#1a1d24&#8243; button_two_border_width=&#8220;0px&#8220; button_two_border_radius=&#8220;0px&#8220; button_two_letter_spacing=&#8220;2px&#8220; button_two_font=&#8220;|||on|||||&#8220; button_two_custom_padding=&#8220;20px|36px|20px|36px|false|true&#8220; button_two_custom_padding_tablet=&#8220;&#8220; button_two_custom_padding_phone=&#8220;10px|30px|10px|30px|true|true&#8220; button_two_custom_padding_last_edited=&#8220;on|phone&#8220; custom_padding=&#8220;||||false|false&#8220; title_font_tablet=&#8220;&#8220; title_font_phone=&#8220;&#8220; title_font_last_edited=&#8220;on|desktop&#8220; title_font_size_tablet=&#8220;58px&#8220; title_font_size_phone=&#8220;30px&#8220; title_font_size_last_edited=&#8220;on|tablet&#8220; title_line_height_tablet=&#8220;1em&#8220; title_line_height_phone=&#8220;&#8220; title_line_height_last_edited=&#8220;on|desktop&#8220; content_font_size_tablet=&#8220;&#8220; content_font_size_phone=&#8220;&#8220; content_font_size_last_edited=&#8220;on|desktop&#8220; button_one_text_size_tablet=&#8220;&#8220; button_one_text_size_phone=&#8220;14px&#8220; button_one_text_size_last_edited=&#8220;on|phone&#8220; button_two_text_size_tablet=&#8220;&#8220; button_two_text_size_phone=&#8220;14px&#8220; button_two_text_size_last_edited=&#8220;on|phone&#8220; title_text_shadow_style=&#8220;preset2&#8243; content_text_shadow_style=&#8220;preset2&#8243; button_one_bg_color__hover_enabled=&#8220;on|desktop&#8220; button_one_bg_color__hover=&#8220;#1a1d24&#8243; button_one_bg_enable_color__hover=&#8220;on&#8220; button_two_bg_color__hover_enabled=&#8220;on|hover&#8220; button_two_bg_color__hover=&#8220;#df7648&#8243; button_two_bg_enable_color__hover=&#8220;on&#8220;]<p>Gott kennenlernen \u2013 Berufung entdecken \u2013 f\u00fcr den Dienst bef\u00e4higen<\/p>[\/et_pb_fullwidth_header][\/et_pb_section][et_pb_section fb_built=&#8220;1&#8243; custom_padding_last_edited=&#8220;on|phone&#8220; _builder_version=&#8220;4.9.10&#8243; background_color=&#8220;#1d1e1f&#8220; custom_padding=&#8220;100px||0px||false|false&#8220; custom_padding_tablet=&#8220;70px||70px||false|false&#8220; custom_padding_phone=&#8220;50px||50px||false|false&#8220; hover_enabled=&#8220;0&#8243; height=&#8220;50vh&#8220; sticky_enabled=&#8220;0&#8243;][et_pb_row use_custom_gutter=&#8220;on&#8220; gutter_width=&#8220;2&#8243; _builder_version=&#8220;4.9.10&#8243; width_tablet=&#8220;&#8220; width_phone=&#8220;90%&#8220; width_last_edited=&#8220;on|desktop&#8220; max_width=&#8220;70%&#8220; max_width_tablet=&#8220;&#8220; max_width_phone=&#8220;90%&#8220; max_width_last_edited=&#8220;on|desktop&#8220; min_height=&#8220;513px&#8220; custom_padding=&#8220;0px||0px|||&#8220; hover_enabled=&#8220;0&#8243; sticky_enabled=&#8220;0&#8243;][et_pb_column type=&#8220;4_4&#8243; _builder_version=&#8220;4.8.1&#8243; custom_padding=&#8220;|30px||30px|false|true&#8220;][et_pb_text _builder_version=&#8220;4.9.10&#8243; text_font_size=&#8220;16px&#8220; header_font=&#8220;||||||||&#8220; header_text_color=&#8220;#ffffff&#8220; header_font_size=&#8220;45px&#8220; header_2_font=&#8220;|800|||||||&#8220; header_2_text_color=&#8220;#e0011a&#8220; header_2_font_size=&#8220;39px&#8220; header_2_letter_spacing=&#8220;-2px&#8220; header_3_font=&#8220;|800|||||||&#8220; header_3_text_color=&#8220;#ffffff&#8220; header_3_font_size=&#8220;38px&#8220; header_3_letter_spacing=&#8220;2px&#8220; custom_margin=&#8220;||30px||false|false&#8220; hover_enabled=&#8220;0&#8243; sticky_enabled=&#8220;0&#8243;]<h3 class=\"sppb-addon-title\">Hier entsteht etwas neues<\/h3>[\/et_pb_text][et_pb_divider divider_weight=&#8220;3px&#8220; _builder_version=&#8220;4.0.5&#8243; width=&#8220;36px&#8220; custom_margin=&#8220;||15px||false|false&#8220;][\/et_pb_divider][et_pb_text _builder_version=&#8220;4.9.10&#8243; text_text_color=&#8220;#FEFFFF&#8220; text_font_size=&#8220;16px&#8220; text_line_height=&#8220;2em&#8220; header_5_font=&#8220;Quicksand|500|||||||&#8220; header_5_text_color=&#8220;#000000&#8243; header_5_line_height=&#8220;2em&#8220; text_orientation=&#8220;justified&#8220; hover_enabled=&#8220;0&#8243; sticky_enabled=&#8220;0&#8243;]<p><span>Die letzten zwei Jahre waren f\u00fcr uns alle etwas neues und herausforderndes. Auch f\u00fcr uns als College Team. Wir haben uns voll und ganz auf unsere Gemeinde und die Menschen vor Ort Konzentriert. Auch wenn wir die Vision von unserem College nie verloren haben und unserer Berufung weiter folgen wollen. Merken wir das es gerade dran ist das gesamte Konzept neu zu \u00fcberarbeiten. Das braucht Zeit. Deshalb legen wir eine Pause ein. Und \u00fcberarbeiten das Konzept ganz neu. Wenn es so weit ist w\u00fcrden wir uns freuen viele von euch zu sehen.<\/span><\/p>[\/et_pb_text][\/et_pb_column][\/et_pb_row][\/et_pb_section][et_pb_section fb_built=&#8220;1&#8243; custom_padding_last_edited=&#8220;on|phone&#8220; _builder_version=&#8220;4.5.3&#8243; background_color=&#8220;#1d1e1f&#8220; custom_padding=&#8220;100px||0px||false|false&#8220; custom_padding_tablet=&#8220;70px||70px||false|false&#8220; custom_padding_phone=&#8220;50px||50px||false|false&#8220;][et_pb_row column_structure=&#8220;1_2,1_4,1_4&#8243; use_custom_gutter=&#8220;on&#8220; gutter_width=&#8220;2&#8243; _builder_version=&#8220;4.8.1&#8243; width_tablet=&#8220;&#8220; width_phone=&#8220;90%&#8220; width_last_edited=&#8220;on|desktop&#8220; max_width=&#8220;70%&#8220; max_width_tablet=&#8220;&#8220; max_width_phone=&#8220;90%&#8220; max_width_last_edited=&#8220;on|desktop&#8220; min_height=&#8220;513px&#8220; custom_padding=&#8220;0px||0px|||&#8220;][et_pb_column type=&#8220;1_2&#8243; _builder_version=&#8220;4.8.1&#8243; custom_padding=&#8220;|30px||30px|false|true&#8220;][et_pb_text _builder_version=&#8220;4.5.3&#8243; text_font_size=&#8220;16px&#8220; header_font=&#8220;||||||||&#8220; header_text_color=&#8220;#ffffff&#8220; header_font_size=&#8220;45px&#8220; header_2_font=&#8220;|800|||||||&#8220; header_2_text_color=&#8220;#e0011a&#8220; header_2_font_size=&#8220;39px&#8220; header_2_letter_spacing=&#8220;-2px&#8220; header_3_font=&#8220;|800|||||||&#8220; header_3_text_color=&#8220;#ffffff&#8220; header_3_font_size=&#8220;38px&#8220; header_3_letter_spacing=&#8220;2px&#8220; custom_margin=&#8220;||30px||false|false&#8220;]<h3 class=\"sppb-addon-title\">Was ist das\u00a0<br \/>Jesuscentrum College?<\/h3>[\/et_pb_text][et_pb_divider divider_weight=&#8220;3px&#8220; _builder_version=&#8220;4.0.5&#8243; width=&#8220;36px&#8220; custom_margin=&#8220;||15px||false|false&#8220;][\/et_pb_divider][et_pb_text _builder_version=&#8220;4.8.1&#8243; text_text_color=&#8220;#FEFFFF&#8220; text_font_size=&#8220;16px&#8220; text_line_height=&#8220;2em&#8220; header_5_font=&#8220;Quicksand|500|||||||&#8220; header_5_text_color=&#8220;#000000&#8243; header_5_line_height=&#8220;2em&#8220; text_orientation=&#8220;justified&#8220;]<p><span>Beim JC College geht es darum, Gottes Leidenschaft f\u00fcr uns Menschen, seine Gemeinde und Anbetung kennenzulernen. Unser Traum ist es, Menschen f\u00fcr den Dienst in ihren Ortsgemeinden auszur\u00fcsten. In unseren Modulen Leadership und Worship hast du die M\u00f6glichkeit, Gott n\u00e4her kennenzulernen und deine Berufung zu entdecken, um freigesetzt und ausger\u00fcstet Einfluss auf dein Umfeld zu nehmen. Gott sucht nach Menschen, die sich von ihm berufen und formen lassen. Sei dabei, vertiefe deine Identit\u00e4t, finde deinen Platz, lass deine Leidenschaft neu entfachen!<\/span><\/p>[\/et_pb_text][et_pb_button button_url=&#8220;@ET-DC@eyJkeW5hbWljIjp0cnVlLCJjb250ZW50IjoicG9zdF9saW5rX3VybF9wYWdlIiwic2V0dGluZ3MiOnsicG9zdF9pZCI6IjE4In19@&#8220; button_text=&#8220;Mehr \u00fcber uns&#8220; _builder_version=&#8220;4.8.1&#8243; _dynamic_attributes=&#8220;button_url&#8220; custom_button=&#8220;on&#8220; button_text_size=&#8220;16px&#8220; button_text_color=&#8220;#ffffff&#8220; button_bg_color=&#8220;#df7648&#8243; button_border_width=&#8220;0px&#8220; button_border_color=&#8220;#ffffff&#8220; button_border_radius=&#8220;0px&#8220; button_letter_spacing=&#8220;2px&#8220; button_font=&#8220;|600||on|||||&#8220; custom_margin=&#8220;||50px||false|false&#8220; custom_padding=&#8220;20px|36px|20px|36px|false|false&#8220; custom_padding_tablet=&#8220;&#8220; custom_padding_phone=&#8220;10px|30px|10px|30px|true|true&#8220; custom_padding_last_edited=&#8220;on|phone&#8220; button_bg_color__hover_enabled=&#8220;on|hover&#8220; button_bg_color__hover=&#8220;#1a1d24&#8243; button_bg_enable_color__hover=&#8220;on&#8220;][\/et_pb_button][\/et_pb_column][et_pb_column type=&#8220;1_4&#8243; _builder_version=&#8220;4.0.5&#8243;][et_pb_divider show_divider=&#8220;off&#8220; _builder_version=&#8220;4.8.1&#8243; width=&#8220;36px&#8220; custom_margin=&#8220;||15px||false|false&#8220; locked=&#8220;off&#8220;][\/et_pb_divider][et_pb_blurb title=&#8220;Leadership&#8220; use_icon=&#8220;on&#8220; font_icon=&#8220;%%258%%&#8220; icon_color=&#8220;#d04b3c&#8220; icon_placement=&#8220;left&#8220; _builder_version=&#8220;4.8.1&#8243; header_font=&#8220;|800|||||||&#8220; header_text_color=&#8220;#ffffff&#8220; header_font_size=&#8220;26px&#8220; header_letter_spacing=&#8220;-1px&#8220; body_text_color=&#8220;#FEFFFF&#8220; body_font_size=&#8220;16px&#8220; text_orientation=&#8220;justified&#8220;]<p><span>Im Modul Leadership wollen wir dir helfen, dein Leiterschafts-Potential m\u00f6glichst gut zu entfalten. Dabei spielt es keine Rolle, ob du ehrenamtlicher Leiter oder im hauptamtlichen Dienst bist.<\/span><\/p>[\/et_pb_blurb][\/et_pb_column][et_pb_column type=&#8220;1_4&#8243; _builder_version=&#8220;4.0.5&#8243;][et_pb_divider show_divider=&#8220;off&#8220; _builder_version=&#8220;4.8.1&#8243; width=&#8220;36px&#8220; custom_margin=&#8220;||15px||false|false&#8220; locked=&#8220;off&#8220;][\/et_pb_divider][et_pb_blurb title=&#8220;Worship&#8220; use_icon=&#8220;on&#8220; font_icon=&#8220;%%262%%&#8220; icon_color=&#8220;#d04b3c&#8220; icon_placement=&#8220;left&#8220; _builder_version=&#8220;4.5.3&#8243; header_font=&#8220;|800|||||||&#8220; header_text_color=&#8220;#ffffff&#8220; header_font_size=&#8220;26px&#8220; header_letter_spacing=&#8220;-1px&#8220; body_text_color=&#8220;#FEFFFF&#8220; body_font_size=&#8220;16px&#8220; text_orientation=&#8220;justified&#8220;]<p><span>Im Modul Worship wollen wir gemeinsam entdecken, dass Anbetung mehr ist als Musik. Dabei schauen wir uns \u00a0an, was Anbetung mit unserer Identit\u00e4t zu tun hat. Es geht darum, die Relevanz von Lobpreis und Anbetung f\u00fcr die Gemeinde zu verdeutlichen, unsere Rolle darin zu entdecken und Verantwortung daf\u00fcr zu \u00fcbernehmen. Wir wollen tief in die Bibel schauen und sehen, was Gott uns f\u00fcr unseren Dienst in der Gemeinde mitgegeben hat.<\/span><\/p>[\/et_pb_blurb][\/et_pb_column][\/et_pb_row][\/et_pb_section]\n","protected":false},"excerpt":{"rendered":"<p>Gott kennenlernen \u2013 Berufung entdecken \u2013 f\u00fcr den Dienst bef\u00e4higenHier entsteht etwas neuesDie letzten zwei Jahre waren f\u00fcr uns alle etwas neues und herausforderndes. Auch f\u00fcr uns als College Team. Wir haben uns voll und ganz auf unsere Gemeinde und die Menschen vor Ort Konzentriert. Auch wenn wir die Vision von unserem College nie verloren [&hellip;]<\/p>\n","protected":false},"author":2,"featured_media":0,"parent":0,"menu_order":0,"comment_status":"closed","ping_status":"closed","template":"","meta":{"_et_pb_use_builder":"on","_et_pb_old_content":"","_et_gb_content_width":""},"_links":{"self":[{"href":"https:\/\/jesuscentrumcollege.de\/index.php?rest_route=\/wp\/v2\/pages\/288"}],"collection":[{"href":"https:\/\/jesuscentrumcollege.de\/index.php?rest_route=\/wp\/v2\/pages"}],"about":[{"href":"https:\/\/jesuscentrumcollege.de\/index.php?rest_route=\/wp\/v2\/types\/page"}],"author":[{"embeddable":true,"href":"https:\/\/jesuscentrumcollege.de\/index.php?rest_route=\/wp\/v2\/users\/2"}],"replies":[{"embeddable":true,"href":"https:\/\/jesuscentrumcollege.de\/index.php?rest_route=%2Fwp%2Fv2%2Fcomments&post=288"}],"version-history":[{"count":4,"href":"https:\/\/jesuscentrumcollege.de\/index.php?rest_route=\/wp\/v2\/pages\/288\/revisions"}],"predecessor-version":[{"id":294,"href":"https:\/\/jesuscentrumcollege.de\/index.php?rest_route=\/wp\/v2\/pages\/288\/revisions\/294"}],"wp:attachment":[{"href":"https:\/\/jesuscentrumcollege.de\/index.php?rest_route=%2Fwp%2Fv2%2Fmedia&parent=288"}],"curies":[{"name":"wp","href":"https:\/\/api.w.org\/{rel}","templated":true}]}}